{"id":52597,"date":"2022-07-21T13:49:17","date_gmt":"2022-07-21T11:49:17","guid":{"rendered":"https:\/\/www.szenik.eu\/?page_id=52597\/"},"modified":"2023-03-09T00:32:56","modified_gmt":"2023-03-08T23:32:56","slug":"ueber-szenik","status":"publish","type":"page","link":"https:\/\/www.szenik.eu\/de\/ueber-szenik","title":{"rendered":"\u00dcber szenik"},"content":{"rendered":"\n<h2>Szenik vereint in erster Linie Liebhaber:innen der darstellenden Kunst. Neugierige und enthusiastische Personen, die magische B\u00fchnenmomente mit ihren Leser:innen teilen m\u00f6chten&#8230; und dies \u00fcber die Grenzen hinaus! <\/h2>\n\n\n\n<div style=\"height:100px\" aria-hidden=\"true\" class=\"wp-block-spacer\"><\/div>\n\n\n\n<p>Szenik wurde 2012, im Rahmen einer INTERREG-F\u00f6rderung, gegr\u00fcndet. Als zweisprachiger Veranstaltungskalender am Oberrhein (Stra\u00dfburg-Basel-Freiburg im Breisgau) setzte sich das deutsch-franz\u00f6sische Team zum Ziel, eine Auswahl an kulturellen Veranstaltungen vorzustellen. Ein paar Jahre sp\u00e4ter erschienen die ersten Interviews mit Kulturschaffenden dieser grenz\u00fcberschreitenden Region.&nbsp;<\/p>\n\n\n\n<p>Mit einem kostenlosen Streaming-Angebot (Musiktheater, Konzerte, Tanz) machte sich szenik zudem daran, die Wohnzimmer seiner Leser:innen in einen Theater-und Konzertsaal zu verwandeln.&nbsp;<\/p>\n\n\n\n<div style=\"height:10px\" aria-hidden=\"true\" class=\"wp-block-spacer\"><\/div>\n\n\n\n<h4><strong>5 Jahre sp\u00e4ter: Hier kommt die Region Grand Est!&nbsp;<\/strong><\/h4>\n\n\n\n<div style=\"height:10px\" aria-hidden=\"true\" class=\"wp-block-spacer\"><\/div>\n\n\n\n<p>Im Jahr 2017 hat sich unser Horizont geografisch erweitert. Mit der Gr\u00fcndung der Region Grand Est (Elsass, Lothringen, Champagne-Ardenne) haben wir begonnen, kulturelle Institutionen Ostfrankreichs, Luxemburgs, des Saarlandes, Belgiens, Baden-W\u00fcrttembergs, Rheinland-Pfalz\u2018 und der Schweiz in unseren Veranstaltungskalender zu integrieren (ja, das sind zahlreiche Veranstaltungen!).&nbsp;<\/p>\n\n\n\n<p>Dennoch knurrte der Magen. Wir hatten Hunger. Darauf, den Kulturschaffenden dieser grenz\u00fcberschreitenden Gro\u00dfregion das Wort zu erteilen, in ihre Gedanken-und Kreativwelt einzutauchen und hinter die Kulissen zu blicken. Unter dem Hashtag <strong>#szenikmag<\/strong> begann unsere Redaktion mit einer Kamera durch die St\u00e4dte und \u00fcber die Grenzen hinaus zu ziehen; immer auf der Suche nach neuen Produktionen, aufstrebenden K\u00fcnstler:innen, partizipativen Projekten, inspirierten sowie inspirierenden Personen&#8230; Jede Spielzeit ver\u00f6ffentlichen wir ungef\u00e4hr hundert Interviews und h\u00f6ren nicht damit auf, an neuen Ideen zu arbeiten (sowie die Spielzeithefte auseinanderzunehmen als w\u00e4ren sie buttrige Makrelen), um somit einen dynamischen und kreativen Inhalt zu schaffen.&nbsp;<\/p>\n\n\n\n<p>Heute hat unsere Leserschaft ein Durchschnittsalter von 18 bis 35 Jahren und ist stets auf der Suche nach kulturellen B\u00fchnenperlen.&nbsp;<\/p>\n\n\n\n<p>Darstellende Kunst zu unterst\u00fctzen, im Eklektizismus zu baden, Projekte mit Kulturschaffenden zu erarbeiten und sich f\u00fcr einen aktiven sowie grenz\u00fcberschreitenden Kunst-und Kulturaustausch einzusetzen \u2013 diese Motivationen (und Schokolade) sind unser Motor.&nbsp;<\/p>\n\n\n\n<p>Als Verein und junges Redaktionsteam richten wir uns an alle Personen, deren Herz bereits oder erst begonnen hat f\u00fcr die darstellende Kunst zu schlagen.&nbsp;<\/p>\n\n\n\n<div style=\"height:100px\" aria-hidden=\"true\" class=\"wp-block-spacer\"><\/div>\n\n\n\n<p class=\"has-background\" style=\"background-color:#f1c3c3\"><strong>Wir danken unseren Leser:innen, den kulturellen und \u00f6ffentlichen Institutionen f\u00fcr ihre treue Unterst\u00fctzung in all den Jahren (und denen, die noch auf uns warten). Greifen Sie zu einem Stift, Ihrem Handy; sch\u00fcren Sie Ihre Ungeduld und gesellen Sie sich zu einer Reise in die Tiefen der zeitgen\u00f6ssischen B\u00fchnenkunst.&nbsp;<\/strong><\/p>\n\n\n\n<div style=\"height:100px\" aria-hidden=\"true\" class=\"wp-block-spacer\"><\/div>\n\n\n\n<div style=\"height:100px\" aria-hidden=\"true\" class=\"wp-block-spacer\"><\/div>\n","protected":false},"excerpt":{"rendered":"<p>Szenik vereint in erster Linie Liebhaber:innen der darstellenden Kunst. Neugierige und enthusiastische Personen, die magische B\u00fchnenmomente mit ihren Leser:innen teilen m\u00f6chten&#8230; und dies \u00fcber die Grenzen hinaus! Szenik wurde 2012, im Rahmen einer INTERREG-F\u00f6rderung, gegr\u00fcndet. Als zweisprachiger Veranstaltungskalender am Oberrhein (Stra\u00dfburg-Basel-Freiburg im Breisgau) setzte sich das deutsch-franz\u00f6sische Team zum Ziel, eine Auswahl an kulturellen Veranstaltungen [&hellip;]<\/p>\n","protected":false},"author":5,"featured_media":54351,"parent":0,"menu_order":0,"comment_status":"closed","ping_status":"closed","template":"","meta":{"_monsterinsights_skip_tracking":false,"_monsterinsights_sitenote_active":false,"_monsterinsights_sitenote_note":"","_monsterinsights_sitenote_category":0},"yoast_head":"<!-- This site is optimized with the Yoast SEO plugin v20.5 - https:\/\/yoast.com\/wordpress\/plugins\/seo\/ -->\n<title>\u00fcber szenik I szenik<\/title>\n<meta name=\"description\" content=\"Szenik ist eine grenz\u00fcberschreitende und zweisprachige Kulturplattform, die 2012 in Stra\u00dfburg gegr\u00fcndet wurde.\" \/>\n<meta name=\"robots\" content=\"index, follow, max-snippet:-1, max-image-preview:large, max-video-preview:-1\" \/>\n<link rel=\"canonical\" href=\"https:\/\/www.szenik.eu\/de\/ueber-szenik\" \/>\n<meta property=\"og:locale\" content=\"de_DE\" \/>\n<meta property=\"og:type\" content=\"article\" \/>\n<meta property=\"og:title\" content=\"\u00fcber szenik I szenik\" \/>\n<meta property=\"og:description\" content=\"Szenik ist eine grenz\u00fcberschreitende und zweisprachige Kulturplattform, die 2012 in Stra\u00dfburg gegr\u00fcndet wurde.\" \/>\n<meta property=\"og:url\" content=\"https:\/\/www.szenik.eu\/de\/ueber-szenik\" \/>\n<meta property=\"og:site_name\" content=\"szenik\" \/>\n<meta property=\"article:publisher\" content=\"https:\/\/www.facebook.com\/szenik.eu\/\" \/>\n<meta property=\"article:modified_time\" content=\"2023-03-08T23:32:56+00:00\" \/>\n<meta property=\"og:image\" content=\"https:\/\/www.szenik.eu\/wp-content\/uploads\/2022\/08\/Ueberuns.jpg\" \/>\n\t<meta property=\"og:image:width\" content=\"1110\" \/>\n\t<meta property=\"og:image:height\" content=\"423\" \/>\n\t<meta property=\"og:image:type\" content=\"image\/jpeg\" \/>\n<meta name=\"twitter:card\" content=\"summary_large_image\" \/>\n<meta name=\"twitter:site\" content=\"@Szenik\" \/>\n<meta name=\"twitter:label1\" content=\"Gesch\u00e4tzte Lesezeit\" \/>\n\t<meta name=\"twitter:data1\" content=\"2\u00a0Minuten\" \/>\n<script type=\"application\/ld+json\" class=\"yoast-schema-graph\">{\"@context\":\"https:\/\/schema.org\",\"@graph\":[{\"@type\":\"WebPage\",\"@id\":\"https:\/\/www.szenik.eu\/de\/ueber-szenik\",\"url\":\"https:\/\/www.szenik.eu\/de\/ueber-szenik\",\"name\":\"\u00fcber szenik I szenik\",\"isPartOf\":{\"@id\":\"https:\/\/www.szenik.eu\/de\/#website\"},\"datePublished\":\"2022-07-21T11:49:17+00:00\",\"dateModified\":\"2023-03-08T23:32:56+00:00\",\"description\":\"Szenik ist eine grenz\u00fcberschreitende und zweisprachige Kulturplattform, die 2012 in Stra\u00dfburg gegr\u00fcndet wurde.\",\"breadcrumb\":{\"@id\":\"https:\/\/www.szenik.eu\/de\/ueber-szenik#breadcrumb\"},\"inLanguage\":\"de\",\"potentialAction\":[{\"@type\":\"ReadAction\",\"target\":[\"https:\/\/www.szenik.eu\/de\/ueber-szenik\"]}]},{\"@type\":\"BreadcrumbList\",\"@id\":\"https:\/\/www.szenik.eu\/de\/ueber-szenik#breadcrumb\",\"itemListElement\":[{\"@type\":\"ListItem\",\"position\":1,\"name\":\"Home\",\"item\":\"https:\/\/www.szenik.eu\/de\"},{\"@type\":\"ListItem\",\"position\":2,\"name\":\"\u00dcber szenik\"}]},{\"@type\":\"WebSite\",\"@id\":\"https:\/\/www.szenik.eu\/de\/#website\",\"url\":\"https:\/\/www.szenik.eu\/de\/\",\"name\":\"szenik\",\"description\":\"Le Meilleur des sc\u00e8nes au coeur de l&#039;Europe\",\"publisher\":{\"@id\":\"https:\/\/www.szenik.eu\/de\/#organization\"},\"potentialAction\":[{\"@type\":\"SearchAction\",\"target\":{\"@type\":\"EntryPoint\",\"urlTemplate\":\"https:\/\/www.szenik.eu\/de\/?s={search_term_string}\"},\"query-input\":\"required name=search_term_string\"}],\"inLanguage\":\"de\"},{\"@type\":\"Organization\",\"@id\":\"https:\/\/www.szenik.eu\/de\/#organization\",\"name\":\"Szenik\",\"url\":\"https:\/\/www.szenik.eu\/de\/\",\"logo\":{\"@type\":\"ImageObject\",\"inLanguage\":\"de\",\"@id\":\"https:\/\/www.szenik.eu\/de\/#\/schema\/logo\/image\/\",\"url\":\"https:\/\/www.szenik.eu\/wp-content\/uploads\/2019\/07\/logo-square.png\",\"contentUrl\":\"https:\/\/www.szenik.eu\/wp-content\/uploads\/2019\/07\/logo-square.png\",\"width\":512,\"height\":512,\"caption\":\"Szenik\"},\"image\":{\"@id\":\"https:\/\/www.szenik.eu\/de\/#\/schema\/logo\/image\/\"},\"sameAs\":[\"https:\/\/www.facebook.com\/szenik.eu\/\",\"https:\/\/twitter.com\/Szenik\",\"https:\/\/www.instagram.com\/szenik_magazine\/\",\"https:\/\/www.youtube.com\/user\/SzenikEU\/\"]}]}<\/script>\n<!-- \/ Yoast SEO plugin. -->","yoast_head_json":{"title":"\u00fcber szenik I szenik","description":"Szenik ist eine grenz\u00fcberschreitende und zweisprachige Kulturplattform, die 2012 in Stra\u00dfburg gegr\u00fcndet wurde.","robots":{"index":"index","follow":"follow","max-snippet":"max-snippet:-1","max-image-preview":"max-image-preview:large","max-video-preview":"max-video-preview:-1"},"canonical":"https:\/\/www.szenik.eu\/de\/ueber-szenik","og_locale":"de_DE","og_type":"article","og_title":"\u00fcber szenik I szenik","og_description":"Szenik ist eine grenz\u00fcberschreitende und zweisprachige Kulturplattform, die 2012 in Stra\u00dfburg gegr\u00fcndet wurde.","og_url":"https:\/\/www.szenik.eu\/de\/ueber-szenik","og_site_name":"szenik","article_publisher":"https:\/\/www.facebook.com\/szenik.eu\/","article_modified_time":"2023-03-08T23:32:56+00:00","og_image":[{"width":1110,"height":423,"url":"https:\/\/www.szenik.eu\/wp-content\/uploads\/2022\/08\/Ueberuns.jpg","type":"image\/jpeg"}],"twitter_card":"summary_large_image","twitter_site":"@Szenik","twitter_misc":{"Gesch\u00e4tzte Lesezeit":"2\u00a0Minuten"},"schema":{"@context":"https:\/\/schema.org","@graph":[{"@type":"WebPage","@id":"https:\/\/www.szenik.eu\/de\/ueber-szenik","url":"https:\/\/www.szenik.eu\/de\/ueber-szenik","name":"\u00fcber szenik I szenik","isPartOf":{"@id":"https:\/\/www.szenik.eu\/de\/#website"},"datePublished":"2022-07-21T11:49:17+00:00","dateModified":"2023-03-08T23:32:56+00:00","description":"Szenik ist eine grenz\u00fcberschreitende und zweisprachige Kulturplattform, die 2012 in Stra\u00dfburg gegr\u00fcndet wurde.","breadcrumb":{"@id":"https:\/\/www.szenik.eu\/de\/ueber-szenik#breadcrumb"},"inLanguage":"de","potentialAction":[{"@type":"ReadAction","target":["https:\/\/www.szenik.eu\/de\/ueber-szenik"]}]},{"@type":"BreadcrumbList","@id":"https:\/\/www.szenik.eu\/de\/ueber-szenik#breadcrumb","itemListElement":[{"@type":"ListItem","position":1,"name":"Home","item":"https:\/\/www.szenik.eu\/de"},{"@type":"ListItem","position":2,"name":"\u00dcber szenik"}]},{"@type":"WebSite","@id":"https:\/\/www.szenik.eu\/de\/#website","url":"https:\/\/www.szenik.eu\/de\/","name":"szenik","description":"Le Meilleur des sc\u00e8nes au coeur de l&#039;Europe","publisher":{"@id":"https:\/\/www.szenik.eu\/de\/#organization"},"potentialAction":[{"@type":"SearchAction","target":{"@type":"EntryPoint","urlTemplate":"https:\/\/www.szenik.eu\/de\/?s={search_term_string}"},"query-input":"required name=search_term_string"}],"inLanguage":"de"},{"@type":"Organization","@id":"https:\/\/www.szenik.eu\/de\/#organization","name":"Szenik","url":"https:\/\/www.szenik.eu\/de\/","logo":{"@type":"ImageObject","inLanguage":"de","@id":"https:\/\/www.szenik.eu\/de\/#\/schema\/logo\/image\/","url":"https:\/\/www.szenik.eu\/wp-content\/uploads\/2019\/07\/logo-square.png","contentUrl":"https:\/\/www.szenik.eu\/wp-content\/uploads\/2019\/07\/logo-square.png","width":512,"height":512,"caption":"Szenik"},"image":{"@id":"https:\/\/www.szenik.eu\/de\/#\/schema\/logo\/image\/"},"sameAs":["https:\/\/www.facebook.com\/szenik.eu\/","https:\/\/twitter.com\/Szenik","https:\/\/www.instagram.com\/szenik_magazine\/","https:\/\/www.youtube.com\/user\/SzenikEU\/"]}]}},"_links":{"self":[{"href":"https:\/\/www.szenik.eu\/de\/wp-json\/\/wp\/v2\/pages\/52597"}],"collection":[{"href":"https:\/\/www.szenik.eu\/de\/wp-json\/\/wp\/v2\/pages"}],"about":[{"href":"https:\/\/www.szenik.eu\/de\/wp-json\/\/wp\/v2\/types\/page"}],"author":[{"embeddable":true,"href":"https:\/\/www.szenik.eu\/de\/wp-json\/\/wp\/v2\/users\/5"}],"replies":[{"embeddable":true,"href":"https:\/\/www.szenik.eu\/de\/wp-json\/\/wp\/v2\/comments?post=52597"}],"version-history":[{"count":5,"href":"https:\/\/www.szenik.eu\/de\/wp-json\/\/wp\/v2\/pages\/52597\/revisions"}],"predecessor-version":[{"id":57138,"href":"https:\/\/www.szenik.eu\/de\/wp-json\/\/wp\/v2\/pages\/52597\/revisions\/57138"}],"wp:featuredmedia":[{"embeddable":true,"href":"https:\/\/www.szenik.eu\/de\/wp-json\/\/wp\/v2\/media\/54351"}],"wp:attachment":[{"href":"https:\/\/www.szenik.eu\/de\/wp-json\/\/wp\/v2\/media?parent=52597"}],"curies":[{"name":"wp","href":"https:\/\/api.w.org\/{rel}","templated":true}]}}