{"id":38903,"date":"2021-04-15T15:55:08","date_gmt":"2021-04-15T13:55:08","guid":{"rendered":"https:\/\/www.szenik.eu\/publicite-partenariat"},"modified":"2023-03-09T10:49:36","modified_gmt":"2023-03-09T09:49:36","slug":"publicite-partenariat","status":"publish","type":"page","link":"https:\/\/www.szenik.eu\/de\/publicite-partenariat","title":{"rendered":"Werbung &#038; Medienpartnerschaften"},"content":{"rendered":"\n<h2>Sie m\u00f6chten einen Werbebanner auf szenik schalten? Sie m\u00f6chten mit unserem Webmagazin kooperieren? Wir bieten Ihnen folgende M\u00f6glichkeiten an!<\/h2>\n\n\n\n<div style=\"height:52px\" aria-hidden=\"true\" class=\"wp-block-spacer\"><\/div>\n\n\n\n<h4><strong>szeniks Spielzeit in Zahlen ausgedr\u00fcckt<\/strong><\/h4>\n\n\n\n<ul>\n<li>1 zweisprachige &amp; grenz\u00fcberschreitende Kulturplattform<\/li>\n\n\n\n<li>3 TheaterabenteurerInnen, die mit ihrer Kamera durch die Region d\u00fcsen<\/li>\n\n\n\n<li>1000 Veranstaltungsank\u00fcndigungen der darstellenden Kunst &amp; Konzerte<\/li>\n\n\n\n<li>1 w\u00f6chentlicher Newsletter in deutscher &amp; franz\u00f6sischer Sprache (28% \u00d6ffnungsrate)<\/li>\n\n\n\n<li>150 Interviews mit Kulturschaffenden<\/li>\n\n\n\n<li>1 motivierter und kulturbegeisterter Verein<\/li>\n<\/ul>\n\n\n\n<h4><strong>Wissenswertes&nbsp;\u00fcber&nbsp;unsere LeserInnen<\/strong><\/h4>\n\n\n\n<ul>\n<li>50\/ deutschsprachige LeserInnen<\/li>\n\n\n\n<li>45+ franz\u00f6sischsprachige LeserInnen<\/li>\n\n\n\n<li>+200.000 LeserInnen pro Jahr auf szenik.eu<\/li>\n\n\n\n<li>18-35 Jahre: Durchschnittsalter <\/li>\n\n\n\n<li>+5800 AbonnentInnen auf Facebook<\/li>\n\n\n\n<li>+2500 AbonnentInnen auf Instagram<\/li>\n\n\n\n<li>+3800 AbonnentInnen auf YouTube<\/li>\n\n\n\n<li>+6000 AbonnentInnen unseres Newsletters<\/li>\n<\/ul>\n\n\n\n<div style=\"height:100px\" aria-hidden=\"true\" class=\"wp-block-spacer\"><\/div>\n\n\n\n<p class=\"has-text-align-center has-very-light-gray-background-color has-background has-medium-font-size\"><strong>Werbung<\/strong><br>*<br><strong>Schalten Sie einen Werbebanner auf szenik.eu und in unserem Newsletter<\/strong><\/p>\n\n\n\n<div style=\"height:20px\" aria-hidden=\"true\" class=\"wp-block-spacer\"><\/div>\n\n\n\n<ol>\n<li><strong>A <\/strong>&#8211; Top-Banner auf der Homepage f\u00fcr 1 bis 2 Wochen<br><em>Format: horizontal (728x180mm<\/em>) <em>+ 300x300mm f\u00fcr die Mobilversion<\/em><br><\/li>\n\n\n\n<li><strong>B <\/strong>&#8211; Werbebanner auf der Homepage und der gesamten Website f\u00fcr 1 bis 2 Wochen <br><em>Format: vertikal (300x600mm)<\/em><br><\/li>\n\n\n\n<li><strong>C <\/strong>&#8211; Werbebanner auf der Homepage f\u00fcr 1 bis 2 Wochen<br><em>Format: horizontal (728x180mm<\/em>)<br><\/li>\n\n\n\n<li><strong>D <\/strong>&#8211; Werbebanner auf der Homepage und der gesamten Website f\u00fcr 1 bis 2 Wochen<br><em>Format: quadratisch <\/em>(<em>300x300mm<\/em>)<br><\/li>\n\n\n\n<li>Werbebanner im Newsletter f\u00fcr eine Woche<br><em>Format: horizontal (728x180mm<\/em>)<br><\/li>\n\n\n\n<li><em>Angebot f\u00fcr Festivals<\/em>: Werbebanner auf der Website + der gesamten Website + 2 Newsletter f\u00fcr 2 Wochen <\/li>\n<\/ol>\n\n\n\n<div style=\"height:47px\" aria-hidden=\"true\" class=\"wp-block-spacer\"><\/div>\n\n\n<div class=\"wp-block-image\">\n<figure class=\"alignleft size-large is-resized\"><img decoding=\"async\" loading=\"lazy\" src=\"https:\/\/www.szenik.eu\/wp-content\/uploads\/2023\/03\/page-szenik-733x1024.png\" alt=\"\" class=\"wp-image-57251\" width=\"367\" height=\"512\" srcset=\"https:\/\/www.szenik.eu\/wp-content\/uploads\/2023\/03\/page-szenik-733x1024.png 733w, https:\/\/www.szenik.eu\/wp-content\/uploads\/2023\/03\/page-szenik-215x300.png 215w, https:\/\/www.szenik.eu\/wp-content\/uploads\/2023\/03\/page-szenik-768x1073.png 768w, https:\/\/www.szenik.eu\/wp-content\/uploads\/2023\/03\/page-szenik-1099x1536.png 1099w, https:\/\/www.szenik.eu\/wp-content\/uploads\/2023\/03\/page-szenik-750x1048.png 750w, https:\/\/www.szenik.eu\/wp-content\/uploads\/2023\/03\/page-szenik-1140x1593.png 1140w, https:\/\/www.szenik.eu\/wp-content\/uploads\/2023\/03\/page-szenik.png 1222w\" sizes=\"(max-width: 367px) 100vw, 367px\" \/><\/figure><\/div>\n\n\n<div style=\"height:52px\" aria-hidden=\"true\" class=\"wp-block-spacer\"><\/div>\n\n\n\n<p class=\"has-text-align-center has-very-light-gray-background-color has-background has-medium-font-size\"><strong>Medienpartnerschaften<\/strong><br>*<br><strong>szenik begleitet Ihre Spielzeit und Ihre Veranstaltungen <\/strong><\/p>\n\n\n\n<div style=\"height:20px\" aria-hidden=\"true\" class=\"wp-block-spacer\"><\/div>\n\n\n\n<ol>\n<li><strong>Festival<\/strong>: Zus\u00e4tzlich zum Festivalpaket (Werbebanner, siehe oben) f\u00fchren wir Interviews mit Ihrem Festivalteam und eingeladenen K\u00fcnstlerInnen, und berichten somit vor Ort von Ihrem Festival. Sei es im Videoformat oder als Instagram-Live: Unsere Ideenstube kennt keine Grenzen!  <br><br><\/li>\n\n\n\n<li><strong>Kulturelle Einrichtung<\/strong>: Im Rahmen einer Medienpartnerschaft berichten wir in Interviews (Video \/ Text) und Artikeln \u00fcber Ihre Produktionen &amp; Rahmenaktivit\u00e4ten. Dazu gesellen sich Ank\u00fcndigungen Ihres Programms im Veranstaltungskalender und Werbebanner auf unserer Website sowie im Newsletter.  Eine Medienpartnerschaft, die mit Herz &amp; Kamera Ihre Spielzeit begleitet.<br><br><\/li>\n<\/ol>\n\n\n\n<div style=\"height:45px\" aria-hidden=\"true\" class=\"wp-block-spacer\"><\/div>\n\n\n\n<p class=\"has-text-align-center has-very-light-gray-background-color has-background has-medium-font-size\"><strong>Kontaktieren Sie uns! \ud83d\ude0e<\/strong><\/p>\n\n\n\n<div style=\"height:20px\" aria-hidden=\"true\" class=\"wp-block-spacer\"><\/div>\n\n\n\n<p><\/p>\n\n\n\n<div style=\"height:49px\" aria-hidden=\"true\" class=\"wp-block-spacer\"><\/div>\n\n\n\n<h4 class=\"has-text-align-center\">Bis bald! <\/h4>\n\n\n\n<div style=\"height:100px\" aria-hidden=\"true\" class=\"wp-block-spacer\"><\/div>\n\n\n\n<p class=\"has-small-font-size\">Foto: Joey Thompson<\/p>\n\n\n\n<div style=\"height:100px\" aria-hidden=\"true\" class=\"wp-block-spacer\"><\/div>\n","protected":false},"excerpt":{"rendered":"<p>Sie m\u00f6chten einen Werbebanner auf szenik schalten? Sie m\u00f6chten mit unserem Webmagazin kooperieren? Wir bieten Ihnen folgende M\u00f6glichkeiten an! szeniks Spielzeit in Zahlen ausgedr\u00fcckt Wissenswertes&nbsp;\u00fcber&nbsp;unsere LeserInnen Werbung*Schalten Sie einen Werbebanner auf szenik.eu und in unserem Newsletter Medienpartnerschaften*szenik begleitet Ihre Spielzeit und Ihre Veranstaltungen Kontaktieren Sie uns! \ud83d\ude0e Bis bald! Foto: Joey Thompson<\/p>\n","protected":false},"author":1,"featured_media":54349,"parent":0,"menu_order":0,"comment_status":"closed","ping_status":"closed","template":"","meta":{"_monsterinsights_skip_tracking":false,"_monsterinsights_sitenote_active":false,"_monsterinsights_sitenote_note":"","_monsterinsights_sitenote_category":0},"yoast_head":"<!-- This site is optimized with the Yoast SEO plugin v20.5 - https:\/\/yoast.com\/wordpress\/plugins\/seo\/ -->\n<title>Werbung &amp; Medienpartnerschaften | szenik<\/title>\n<meta name=\"robots\" content=\"index, follow, max-snippet:-1, max-image-preview:large, max-video-preview:-1\" \/>\n<link rel=\"canonical\" href=\"https:\/\/www.szenik.eu\/de\/publicite-partenariat\" \/>\n<meta property=\"og:locale\" content=\"de_DE\" \/>\n<meta property=\"og:type\" content=\"article\" \/>\n<meta property=\"og:title\" content=\"Werbung &amp; Medienpartnerschaften | szenik\" \/>\n<meta property=\"og:description\" content=\"Sie m\u00f6chten einen Werbebanner auf szenik schalten? Sie m\u00f6chten mit unserem Webmagazin kooperieren? Wir bieten Ihnen folgende M\u00f6glichkeiten an! szeniks Spielzeit in Zahlen ausgedr\u00fcckt Wissenswertes&nbsp;\u00fcber&nbsp;unsere LeserInnen Werbung*Schalten Sie einen Werbebanner auf szenik.eu und in unserem Newsletter Medienpartnerschaften*szenik begleitet Ihre Spielzeit und Ihre Veranstaltungen Kontaktieren Sie uns! \ud83d\ude0e Bis bald! Foto: Joey Thompson\" \/>\n<meta property=\"og:url\" content=\"https:\/\/www.szenik.eu\/de\/publicite-partenariat\" \/>\n<meta property=\"og:site_name\" content=\"szenik\" \/>\n<meta property=\"article:publisher\" content=\"https:\/\/www.facebook.com\/szenik.eu\/\" \/>\n<meta property=\"article:modified_time\" content=\"2023-03-09T09:49:36+00:00\" \/>\n<meta property=\"og:image\" content=\"https:\/\/www.szenik.eu\/wp-content\/uploads\/2022\/08\/Werbung_Mediapartnerschaften.jpg\" \/>\n\t<meta property=\"og:image:width\" content=\"1110\" \/>\n\t<meta property=\"og:image:height\" content=\"423\" \/>\n\t<meta property=\"og:image:type\" content=\"image\/jpeg\" \/>\n<meta name=\"twitter:card\" content=\"summary_large_image\" \/>\n<meta name=\"twitter:site\" content=\"@Szenik\" \/>\n<meta name=\"twitter:label1\" content=\"Gesch\u00e4tzte Lesezeit\" \/>\n\t<meta name=\"twitter:data1\" content=\"2\u00a0Minuten\" \/>\n<script type=\"application\/ld+json\" class=\"yoast-schema-graph\">{\"@context\":\"https:\/\/schema.org\",\"@graph\":[{\"@type\":\"WebPage\",\"@id\":\"https:\/\/www.szenik.eu\/de\/publicite-partenariat\",\"url\":\"https:\/\/www.szenik.eu\/de\/publicite-partenariat\",\"name\":\"Werbung & Medienpartnerschaften | szenik\",\"isPartOf\":{\"@id\":\"https:\/\/www.szenik.eu\/de\/#website\"},\"datePublished\":\"2021-04-15T13:55:08+00:00\",\"dateModified\":\"2023-03-09T09:49:36+00:00\",\"breadcrumb\":{\"@id\":\"https:\/\/www.szenik.eu\/de\/publicite-partenariat#breadcrumb\"},\"inLanguage\":\"de\",\"potentialAction\":[{\"@type\":\"ReadAction\",\"target\":[\"https:\/\/www.szenik.eu\/de\/publicite-partenariat\"]}]},{\"@type\":\"BreadcrumbList\",\"@id\":\"https:\/\/www.szenik.eu\/de\/publicite-partenariat#breadcrumb\",\"itemListElement\":[{\"@type\":\"ListItem\",\"position\":1,\"name\":\"Home\",\"item\":\"https:\/\/www.szenik.eu\/de\"},{\"@type\":\"ListItem\",\"position\":2,\"name\":\"Werbung &#038; Medienpartnerschaften\"}]},{\"@type\":\"WebSite\",\"@id\":\"https:\/\/www.szenik.eu\/de\/#website\",\"url\":\"https:\/\/www.szenik.eu\/de\/\",\"name\":\"szenik\",\"description\":\"Le Meilleur des sc\u00e8nes au coeur de l&#039;Europe\",\"publisher\":{\"@id\":\"https:\/\/www.szenik.eu\/de\/#organization\"},\"potentialAction\":[{\"@type\":\"SearchAction\",\"target\":{\"@type\":\"EntryPoint\",\"urlTemplate\":\"https:\/\/www.szenik.eu\/de\/?s={search_term_string}\"},\"query-input\":\"required name=search_term_string\"}],\"inLanguage\":\"de\"},{\"@type\":\"Organization\",\"@id\":\"https:\/\/www.szenik.eu\/de\/#organization\",\"name\":\"Szenik\",\"url\":\"https:\/\/www.szenik.eu\/de\/\",\"logo\":{\"@type\":\"ImageObject\",\"inLanguage\":\"de\",\"@id\":\"https:\/\/www.szenik.eu\/de\/#\/schema\/logo\/image\/\",\"url\":\"https:\/\/www.szenik.eu\/wp-content\/uploads\/2019\/07\/logo-square.png\",\"contentUrl\":\"https:\/\/www.szenik.eu\/wp-content\/uploads\/2019\/07\/logo-square.png\",\"width\":512,\"height\":512,\"caption\":\"Szenik\"},\"image\":{\"@id\":\"https:\/\/www.szenik.eu\/de\/#\/schema\/logo\/image\/\"},\"sameAs\":[\"https:\/\/www.facebook.com\/szenik.eu\/\",\"https:\/\/twitter.com\/Szenik\",\"https:\/\/www.instagram.com\/szenik_magazine\/\",\"https:\/\/www.youtube.com\/user\/SzenikEU\/\"]}]}<\/script>\n<!-- \/ Yoast SEO plugin. -->","yoast_head_json":{"title":"Werbung & Medienpartnerschaften | szenik","robots":{"index":"index","follow":"follow","max-snippet":"max-snippet:-1","max-image-preview":"max-image-preview:large","max-video-preview":"max-video-preview:-1"},"canonical":"https:\/\/www.szenik.eu\/de\/publicite-partenariat","og_locale":"de_DE","og_type":"article","og_title":"Werbung & Medienpartnerschaften | szenik","og_description":"Sie m\u00f6chten einen Werbebanner auf szenik schalten? Sie m\u00f6chten mit unserem Webmagazin kooperieren? Wir bieten Ihnen folgende M\u00f6glichkeiten an! szeniks Spielzeit in Zahlen ausgedr\u00fcckt Wissenswertes&nbsp;\u00fcber&nbsp;unsere LeserInnen Werbung*Schalten Sie einen Werbebanner auf szenik.eu und in unserem Newsletter Medienpartnerschaften*szenik begleitet Ihre Spielzeit und Ihre Veranstaltungen Kontaktieren Sie uns! \ud83d\ude0e Bis bald! Foto: Joey Thompson","og_url":"https:\/\/www.szenik.eu\/de\/publicite-partenariat","og_site_name":"szenik","article_publisher":"https:\/\/www.facebook.com\/szenik.eu\/","article_modified_time":"2023-03-09T09:49:36+00:00","og_image":[{"width":1110,"height":423,"url":"https:\/\/www.szenik.eu\/wp-content\/uploads\/2022\/08\/Werbung_Mediapartnerschaften.jpg","type":"image\/jpeg"}],"twitter_card":"summary_large_image","twitter_site":"@Szenik","twitter_misc":{"Gesch\u00e4tzte Lesezeit":"2\u00a0Minuten"},"schema":{"@context":"https:\/\/schema.org","@graph":[{"@type":"WebPage","@id":"https:\/\/www.szenik.eu\/de\/publicite-partenariat","url":"https:\/\/www.szenik.eu\/de\/publicite-partenariat","name":"Werbung & Medienpartnerschaften | szenik","isPartOf":{"@id":"https:\/\/www.szenik.eu\/de\/#website"},"datePublished":"2021-04-15T13:55:08+00:00","dateModified":"2023-03-09T09:49:36+00:00","breadcrumb":{"@id":"https:\/\/www.szenik.eu\/de\/publicite-partenariat#breadcrumb"},"inLanguage":"de","potentialAction":[{"@type":"ReadAction","target":["https:\/\/www.szenik.eu\/de\/publicite-partenariat"]}]},{"@type":"BreadcrumbList","@id":"https:\/\/www.szenik.eu\/de\/publicite-partenariat#breadcrumb","itemListElement":[{"@type":"ListItem","position":1,"name":"Home","item":"https:\/\/www.szenik.eu\/de"},{"@type":"ListItem","position":2,"name":"Werbung &#038; Medienpartnerschaften"}]},{"@type":"WebSite","@id":"https:\/\/www.szenik.eu\/de\/#website","url":"https:\/\/www.szenik.eu\/de\/","name":"szenik","description":"Le Meilleur des sc\u00e8nes au coeur de l&#039;Europe","publisher":{"@id":"https:\/\/www.szenik.eu\/de\/#organization"},"potentialAction":[{"@type":"SearchAction","target":{"@type":"EntryPoint","urlTemplate":"https:\/\/www.szenik.eu\/de\/?s={search_term_string}"},"query-input":"required name=search_term_string"}],"inLanguage":"de"},{"@type":"Organization","@id":"https:\/\/www.szenik.eu\/de\/#organization","name":"Szenik","url":"https:\/\/www.szenik.eu\/de\/","logo":{"@type":"ImageObject","inLanguage":"de","@id":"https:\/\/www.szenik.eu\/de\/#\/schema\/logo\/image\/","url":"https:\/\/www.szenik.eu\/wp-content\/uploads\/2019\/07\/logo-square.png","contentUrl":"https:\/\/www.szenik.eu\/wp-content\/uploads\/2019\/07\/logo-square.png","width":512,"height":512,"caption":"Szenik"},"image":{"@id":"https:\/\/www.szenik.eu\/de\/#\/schema\/logo\/image\/"},"sameAs":["https:\/\/www.facebook.com\/szenik.eu\/","https:\/\/twitter.com\/Szenik","https:\/\/www.instagram.com\/szenik_magazine\/","https:\/\/www.youtube.com\/user\/SzenikEU\/"]}]}},"_links":{"self":[{"href":"https:\/\/www.szenik.eu\/de\/wp-json\/\/wp\/v2\/pages\/38903"}],"collection":[{"href":"https:\/\/www.szenik.eu\/de\/wp-json\/\/wp\/v2\/pages"}],"about":[{"href":"https:\/\/www.szenik.eu\/de\/wp-json\/\/wp\/v2\/types\/page"}],"author":[{"embeddable":true,"href":"https:\/\/www.szenik.eu\/de\/wp-json\/\/wp\/v2\/users\/1"}],"replies":[{"embeddable":true,"href":"https:\/\/www.szenik.eu\/de\/wp-json\/\/wp\/v2\/comments?post=38903"}],"version-history":[{"count":10,"href":"https:\/\/www.szenik.eu\/de\/wp-json\/\/wp\/v2\/pages\/38903\/revisions"}],"predecessor-version":[{"id":57266,"href":"https:\/\/www.szenik.eu\/de\/wp-json\/\/wp\/v2\/pages\/38903\/revisions\/57266"}],"wp:featuredmedia":[{"embeddable":true,"href":"https:\/\/www.szenik.eu\/de\/wp-json\/\/wp\/v2\/media\/54349"}],"wp:attachment":[{"href":"https:\/\/www.szenik.eu\/de\/wp-json\/\/wp\/v2\/media?parent=38903"}],"curies":[{"name":"wp","href":"https:\/\/api.w.org\/{rel}","templated":true}]}}