{"id":242,"date":"2019-07-09T09:36:57","date_gmt":"2019-07-09T07:36:57","guid":{"rendered":"https:\/\/szenik-prod.ngk.io\/club-szenik"},"modified":"2022-03-18T11:11:32","modified_gmt":"2022-03-18T10:11:32","slug":"club-szenik-1","status":"publish","type":"page","link":"https:\/\/www.szenik.eu\/de\/club-szenik-1","title":{"rendered":"Club Szenik"},"content":{"rendered":"<p>Also, was steckt hinter dem <strong>Club szenik<\/strong>? Nun, er bietet die M\u00f6glichkeit, das B\u00fchnengl\u00fcck herauszufordern, an Verlosungen teilzunehmen und die Liebe zum Theater mit anderen zu teilen.<\/p>\n<p>In dem Sie sich hier einschreiben (<strong>kostenlos<\/strong>) erhalten Sie Zugang zu unseren <strong>Verlosungen<\/strong> und <strong>Veranstaltungen<\/strong>, die Sie den Alltag einmal vergessen lassen. Mit einem <strong>w\u00f6chentlichen Newsletter<\/strong> k\u00f6nnen Sie sich \u00fcber aktuelle Geschehnisse auf den B\u00fchnen der grenz\u00fcberschreitenden Region Grand Est informieren und Ihr E-Mail-Postfach zum Strahlen bringen.<\/p>\n<p>Unser Club ist vor allem eine Gruppe von Personen, die eines gemeinsam haben: die <strong>darstellende Kunst<\/strong>.<\/p>\n<p>Und um diesen Club auf Zack zu halten, brauchen wir seine <strong>Mitglieder<\/strong>. Wie? In dem Sie uns <strong>Eindr\u00fccke<\/strong>, <strong>Fotos<\/strong> oder <strong>Kommentare<\/strong> zu den gesehenen Veranstaltungen senden, und so Ihre B\u00fchnenliebe mit uns teilen.<\/p>\n<p>Um an diesem Austausch teilzunehmen, laden wir Sie dazu ein, sich in unsere <a href=\"https:\/\/www.facebook.com\/groups\/333796064353066\"><strong>Facebook<\/strong><\/a>-Community einzutragen. Sie k\u00f6nnen uns ebenso Ihre Fotos und Eindr\u00fccke per E-Mail (an <strong><a href=\"mailto:contact@szenik.eu\">contact@szenik.eu<\/a><\/strong>) zu senden oder uns auf <a href=\"https:\/\/www.instagram.com\/szenik_magazine\/?hl=fr\"><strong>Instagram<\/strong><\/a> markieren <a href=\"https:\/\/www.instagram.com\/szenik_magazine\/?hl=fr\"><strong> (@szenik_magazine)\u00a0<\/strong><\/a>.<\/p>\n<p>Wir sagen Ihnen jetzt schon <strong>DANKE<\/strong> und freuen uns, Sie in unserem Club willkommen zu hei\u00dfen.<\/p>\n\n<br \/>\n        <form class=\"szn-form szn-form--szn_login\" action=\"\" method=\"post\">\n                                <div class=\"col-sm-6\">\n            <h2>Anmelden<\/h2>\n            \n            <div class=\"col-sm-12\"><label for=\"field_email\"\n                class=\"required\">\n            E-Mail        <\/label>            <input type=\"text\"\n                    class=\"szn-field\"\n                    name=\"email\"\n                    id=\"field_email\"\n                    required                    value=\"\"\n                    >\n        <\/div><div class=\"col-sm-12\"><label for=\"field_password\"\n                class=\"required\">\n            Passwort        <\/label>            <input type=\"password\"\n                    class=\"szn-field\"\n                    name=\"password\"\n                    id=\"field_password\"\n                    required                    value=\"\"\n                    >\n        <\/div><div class=\"col-sm-12\">            <input type=\"checkbox\"\n                    class=\"szn-field\"\n                    name=\"remember_me\"\n                    id=\"field_remember_me\"\n                                        value=\"true\"\n                    >\n        <label for=\"field_remember_me\"\n                class=\"\">\n            Automatische Anmeldung        <\/label><\/div><div class=\"col-sm-12\">            <input type=\"submit\"\n                    class=\"szn-field\"\n                    name=\"\"\n                    id=\"field_\"\n                                        value=\"Anmelden\"\n                    >\n        <\/div>            <input type=\"hidden\"\n                    class=\"szn-field\"\n                    name=\"szn-action\"\n                    id=\"field_szn-action\"\n                                        value=\"login\"\n                    >\n                    <input type=\"hidden\"\n                    class=\"szn-field\"\n                    name=\"szn-redirect\"\n                    id=\"field_szn-redirect\"\n                                        value=\"https:\/\/www.szenik.eu\/de\/\"\n                    >\n        \n            <input type=\"hidden\" id=\"_wpnonce_szn_login\" name=\"_wpnonce_szn_login\" value=\"309d9c1782\" \/><input type=\"hidden\" name=\"_wp_http_referer\" value=\"\/de\/wp-json\/\/wp\/v2\/pages\/242\" \/>\n                        <br><br><a href=\"\/de\/wp-json\/\/wp\/v2\/pages\/242?form=lost-password\">Passwort verloren? <\/a><br><a href=\"https:\/\/www.szenik.eu\/club-szenik\/inscription-au-club-szenik\">Noch nicht eingeschrieben? Dann melden Sie sich an! <\/a><br><\/div>        <div class=\"col-sm-6\">\n            <h2>Die n\u00e4chsten Gewinnspiele sind: <\/h2>\n            <div class=\"tombola-list-shortcode\">\n                <ul class=\"tombola-list\">\n                                    <\/ul>\n            <\/div>\n            <h3>Und entdecken Sie weitere Spiele.. <\/h3>\n                        <a href=\"https:\/\/www.szenik.eu\/club-szenik\/inscription-au-club-szenik\" class=\"btn\" style=\"color: white;\">\n                Melden Sie sich an!            <\/a>\n        <\/div>\n        <div style=\"clear: both;\"><\/div>        <\/form>\n        <br \/>\n\n","protected":false},"excerpt":{"rendered":"<p>Also, was steckt hinter dem Club szenik? Nun, er bietet die M\u00f6glichkeit, das B\u00fchnengl\u00fcck herauszufordern, an Verlosungen teilzunehmen und die Liebe zum Theater mit anderen zu teilen. In dem Sie sich hier einschreiben (kostenlos) erhalten Sie Zugang zu unseren Verlosungen und Veranstaltungen, die Sie den Alltag einmal vergessen lassen. Mit einem w\u00f6chentlichen Newsletter k\u00f6nnen Sie [&hellip;]<\/p>\n","protected":false},"author":1,"featured_media":34764,"parent":0,"menu_order":0,"comment_status":"closed","ping_status":"closed","template":"","meta":{"_monsterinsights_skip_tracking":false,"_monsterinsights_sitenote_active":false,"_monsterinsights_sitenote_note":"","_monsterinsights_sitenote_category":0},"yoast_head":"<!-- This site is optimized with the Yoast SEO plugin v20.5 - https:\/\/yoast.com\/wordpress\/plugins\/seo\/ -->\n<title>Club Szenik | szenik<\/title>\n<meta name=\"robots\" content=\"index, follow, max-snippet:-1, max-image-preview:large, max-video-preview:-1\" \/>\n<link rel=\"canonical\" href=\"https:\/\/www.szenik.eu\/de\/club-szenik-1\" \/>\n<meta property=\"og:locale\" content=\"de_DE\" \/>\n<meta property=\"og:type\" content=\"article\" \/>\n<meta property=\"og:title\" content=\"Club Szenik | szenik\" \/>\n<meta property=\"og:description\" content=\"Also, was steckt hinter dem Club szenik? Nun, er bietet die M\u00f6glichkeit, das B\u00fchnengl\u00fcck herauszufordern, an Verlosungen teilzunehmen und die Liebe zum Theater mit anderen zu teilen. In dem Sie sich hier einschreiben (kostenlos) erhalten Sie Zugang zu unseren Verlosungen und Veranstaltungen, die Sie den Alltag einmal vergessen lassen. Mit einem w\u00f6chentlichen Newsletter k\u00f6nnen Sie [&hellip;]\" \/>\n<meta property=\"og:url\" content=\"https:\/\/www.szenik.eu\/de\/club-szenik-1\" \/>\n<meta property=\"og:site_name\" content=\"szenik\" \/>\n<meta property=\"article:publisher\" content=\"https:\/\/www.facebook.com\/szenik.eu\/\" \/>\n<meta property=\"article:modified_time\" content=\"2022-03-18T10:11:32+00:00\" \/>\n<meta property=\"og:image\" content=\"https:\/\/www.szenik.eu\/wp-content\/uploads\/2020\/10\/club-szenik.jpg\" \/>\n\t<meta property=\"og:image:width\" content=\"810\" \/>\n\t<meta property=\"og:image:height\" content=\"540\" \/>\n\t<meta property=\"og:image:type\" content=\"image\/jpeg\" \/>\n<meta name=\"twitter:card\" content=\"summary_large_image\" \/>\n<meta name=\"twitter:site\" content=\"@Szenik\" \/>\n<meta name=\"twitter:label1\" content=\"Gesch\u00e4tzte Lesezeit\" \/>\n\t<meta name=\"twitter:data1\" content=\"1\u00a0Minute\" \/>\n<script type=\"application\/ld+json\" class=\"yoast-schema-graph\">{\"@context\":\"https:\/\/schema.org\",\"@graph\":[{\"@type\":\"WebPage\",\"@id\":\"https:\/\/www.szenik.eu\/de\/club-szenik-1\",\"url\":\"https:\/\/www.szenik.eu\/de\/club-szenik-1\",\"name\":\"Club Szenik | szenik\",\"isPartOf\":{\"@id\":\"https:\/\/www.szenik.eu\/de\/#website\"},\"datePublished\":\"2019-07-09T07:36:57+00:00\",\"dateModified\":\"2022-03-18T10:11:32+00:00\",\"breadcrumb\":{\"@id\":\"https:\/\/www.szenik.eu\/de\/club-szenik-1#breadcrumb\"},\"inLanguage\":\"de\",\"potentialAction\":[{\"@type\":\"ReadAction\",\"target\":[\"https:\/\/www.szenik.eu\/de\/club-szenik-1\"]}]},{\"@type\":\"BreadcrumbList\",\"@id\":\"https:\/\/www.szenik.eu\/de\/club-szenik-1#breadcrumb\",\"itemListElement\":[{\"@type\":\"ListItem\",\"position\":1,\"name\":\"Home\",\"item\":\"https:\/\/www.szenik.eu\/de\"},{\"@type\":\"ListItem\",\"position\":2,\"name\":\"Club Szenik\"}]},{\"@type\":\"WebSite\",\"@id\":\"https:\/\/www.szenik.eu\/de\/#website\",\"url\":\"https:\/\/www.szenik.eu\/de\/\",\"name\":\"szenik\",\"description\":\"Le Meilleur des sc\u00e8nes au coeur de l&#039;Europe\",\"publisher\":{\"@id\":\"https:\/\/www.szenik.eu\/de\/#organization\"},\"potentialAction\":[{\"@type\":\"SearchAction\",\"target\":{\"@type\":\"EntryPoint\",\"urlTemplate\":\"https:\/\/www.szenik.eu\/de\/?s={search_term_string}\"},\"query-input\":\"required name=search_term_string\"}],\"inLanguage\":\"de\"},{\"@type\":\"Organization\",\"@id\":\"https:\/\/www.szenik.eu\/de\/#organization\",\"name\":\"Szenik\",\"url\":\"https:\/\/www.szenik.eu\/de\/\",\"logo\":{\"@type\":\"ImageObject\",\"inLanguage\":\"de\",\"@id\":\"https:\/\/www.szenik.eu\/de\/#\/schema\/logo\/image\/\",\"url\":\"https:\/\/www.szenik.eu\/wp-content\/uploads\/2019\/07\/logo-square.png\",\"contentUrl\":\"https:\/\/www.szenik.eu\/wp-content\/uploads\/2019\/07\/logo-square.png\",\"width\":512,\"height\":512,\"caption\":\"Szenik\"},\"image\":{\"@id\":\"https:\/\/www.szenik.eu\/de\/#\/schema\/logo\/image\/\"},\"sameAs\":[\"https:\/\/www.facebook.com\/szenik.eu\/\",\"https:\/\/twitter.com\/Szenik\",\"https:\/\/www.instagram.com\/szenik_magazine\/\",\"https:\/\/www.youtube.com\/user\/SzenikEU\/\"]}]}<\/script>\n<!-- \/ Yoast SEO plugin. -->","yoast_head_json":{"title":"Club Szenik | szenik","robots":{"index":"index","follow":"follow","max-snippet":"max-snippet:-1","max-image-preview":"max-image-preview:large","max-video-preview":"max-video-preview:-1"},"canonical":"https:\/\/www.szenik.eu\/de\/club-szenik-1","og_locale":"de_DE","og_type":"article","og_title":"Club Szenik | szenik","og_description":"Also, was steckt hinter dem Club szenik? Nun, er bietet die M\u00f6glichkeit, das B\u00fchnengl\u00fcck herauszufordern, an Verlosungen teilzunehmen und die Liebe zum Theater mit anderen zu teilen. In dem Sie sich hier einschreiben (kostenlos) erhalten Sie Zugang zu unseren Verlosungen und Veranstaltungen, die Sie den Alltag einmal vergessen lassen. Mit einem w\u00f6chentlichen Newsletter k\u00f6nnen Sie [&hellip;]","og_url":"https:\/\/www.szenik.eu\/de\/club-szenik-1","og_site_name":"szenik","article_publisher":"https:\/\/www.facebook.com\/szenik.eu\/","article_modified_time":"2022-03-18T10:11:32+00:00","og_image":[{"width":810,"height":540,"url":"https:\/\/www.szenik.eu\/wp-content\/uploads\/2020\/10\/club-szenik.jpg","type":"image\/jpeg"}],"twitter_card":"summary_large_image","twitter_site":"@Szenik","twitter_misc":{"Gesch\u00e4tzte Lesezeit":"1\u00a0Minute"},"schema":{"@context":"https:\/\/schema.org","@graph":[{"@type":"WebPage","@id":"https:\/\/www.szenik.eu\/de\/club-szenik-1","url":"https:\/\/www.szenik.eu\/de\/club-szenik-1","name":"Club Szenik | szenik","isPartOf":{"@id":"https:\/\/www.szenik.eu\/de\/#website"},"datePublished":"2019-07-09T07:36:57+00:00","dateModified":"2022-03-18T10:11:32+00:00","breadcrumb":{"@id":"https:\/\/www.szenik.eu\/de\/club-szenik-1#breadcrumb"},"inLanguage":"de","potentialAction":[{"@type":"ReadAction","target":["https:\/\/www.szenik.eu\/de\/club-szenik-1"]}]},{"@type":"BreadcrumbList","@id":"https:\/\/www.szenik.eu\/de\/club-szenik-1#breadcrumb","itemListElement":[{"@type":"ListItem","position":1,"name":"Home","item":"https:\/\/www.szenik.eu\/de"},{"@type":"ListItem","position":2,"name":"Club Szenik"}]},{"@type":"WebSite","@id":"https:\/\/www.szenik.eu\/de\/#website","url":"https:\/\/www.szenik.eu\/de\/","name":"szenik","description":"Le Meilleur des sc\u00e8nes au coeur de l&#039;Europe","publisher":{"@id":"https:\/\/www.szenik.eu\/de\/#organization"},"potentialAction":[{"@type":"SearchAction","target":{"@type":"EntryPoint","urlTemplate":"https:\/\/www.szenik.eu\/de\/?s={search_term_string}"},"query-input":"required name=search_term_string"}],"inLanguage":"de"},{"@type":"Organization","@id":"https:\/\/www.szenik.eu\/de\/#organization","name":"Szenik","url":"https:\/\/www.szenik.eu\/de\/","logo":{"@type":"ImageObject","inLanguage":"de","@id":"https:\/\/www.szenik.eu\/de\/#\/schema\/logo\/image\/","url":"https:\/\/www.szenik.eu\/wp-content\/uploads\/2019\/07\/logo-square.png","contentUrl":"https:\/\/www.szenik.eu\/wp-content\/uploads\/2019\/07\/logo-square.png","width":512,"height":512,"caption":"Szenik"},"image":{"@id":"https:\/\/www.szenik.eu\/de\/#\/schema\/logo\/image\/"},"sameAs":["https:\/\/www.facebook.com\/szenik.eu\/","https:\/\/twitter.com\/Szenik","https:\/\/www.instagram.com\/szenik_magazine\/","https:\/\/www.youtube.com\/user\/SzenikEU\/"]}]}},"_links":{"self":[{"href":"https:\/\/www.szenik.eu\/de\/wp-json\/\/wp\/v2\/pages\/242"}],"collection":[{"href":"https:\/\/www.szenik.eu\/de\/wp-json\/\/wp\/v2\/pages"}],"about":[{"href":"https:\/\/www.szenik.eu\/de\/wp-json\/\/wp\/v2\/types\/page"}],"author":[{"embeddable":true,"href":"https:\/\/www.szenik.eu\/de\/wp-json\/\/wp\/v2\/users\/1"}],"replies":[{"embeddable":true,"href":"https:\/\/www.szenik.eu\/de\/wp-json\/\/wp\/v2\/comments?post=242"}],"version-history":[{"count":10,"href":"https:\/\/www.szenik.eu\/de\/wp-json\/\/wp\/v2\/pages\/242\/revisions"}],"predecessor-version":[{"id":48789,"href":"https:\/\/www.szenik.eu\/de\/wp-json\/\/wp\/v2\/pages\/242\/revisions\/48789"}],"wp:featuredmedia":[{"embeddable":true,"href":"https:\/\/www.szenik.eu\/de\/wp-json\/\/wp\/v2\/media\/34764"}],"wp:attachment":[{"href":"https:\/\/www.szenik.eu\/de\/wp-json\/\/wp\/v2\/media?parent=242"}],"curies":[{"name":"wp","href":"https:\/\/api.w.org\/{rel}","templated":true}]}}