{"id":162,"date":"2018-11-04T16:53:48","date_gmt":"2018-11-04T15:53:48","guid":{"rendered":"http:\/\/localhost:8080\/?page_id=162"},"modified":"2023-03-09T12:14:21","modified_gmt":"2023-03-09T11:14:21","slug":"stellenangebote","status":"publish","type":"page","link":"https:\/\/www.szenik.eu\/de\/stellenangebote","title":{"rendered":"Stellenangebote"},"content":{"rendered":"\n<h3><strong>SPIELZEIT 2022 \/ 2023<\/strong><\/h3>\n\n\n\n<div style=\"height:26px\" aria-hidden=\"true\" class=\"wp-block-spacer\"><\/div>\n\n\n\n<h3>szenik sucht:&nbsp;<\/h3>\n\n\n\n<div style=\"height:45px\" aria-hidden=\"true\" class=\"wp-block-spacer\"><\/div>\n\n\n\n<p>Ihr Herz macht beim Aufgehen des Theatervorhangs Luftspr\u00fcnge? Sie werfen gerne einen Blick hinter die Kulissen? Sie interessieren sich f\u00fcr kulturelle Veranstaltungen in Ihrer Region auf und m\u00f6chten diese unterst\u00fctzen?&nbsp;<em>In diesem Fall: Gesellen Sie sich zu unserem Team! <\/em><\/p>\n\n\n\n<p>Mit \u00fcber 200.000 Leser:innen pro Jahr, einer zweisprachigen Kulturplattform (deutsch &amp; franz\u00f6sisch) und einer jungen Leserschaft (18-35 Jahre) m\u00f6chten wir Kulturschaffende und b\u00fchnenbegeisterte Zuschauer:innen miteinander verbinden. Unser Team engagiert sich daher sehr bei der Suche nach Kooperationen und der Verwirklichung eines attraktiven Inhalts. <\/p>\n\n\n\n<p>Sei es im Redaktionsbereich oder als \u00dcbersetzer:in; sei es im Kommunikations-oder Werbebereich: szenik sucht immer wieder engagierte und ideenreiche Personen, die Lust haben, unsere Kulturplattform weiterzuentwickeln. <\/p>\n\n\n\n<p>{<strong>Saarbr\u00fccken \/ Stuttgart \/ Karlsruhe \/ Freiburg \/ Mannheim \/ Trier \/ Mainz Bern \/ Basel \/ Z\u00fcrich<\/strong> \/ <strong>Br\u00fcssel \/ Namur \/ Luxemburg \/ Reims \/ Ch\u00e2lons-en-Champagne \/ Charleville-M\u00e9zi\u00e8res, Thionville \/ Metz \/ Reims \/ Stra\u00dfburg \/ Colmar \/<\/strong>&#8230;}<\/p>\n\n\n\n<div style=\"height:48px\" aria-hidden=\"true\" class=\"wp-block-spacer\"><\/div>\n\n\n\n<h3 class=\"has-text-align-center\"><strong>Stellenangebote<\/strong><\/h3>\n\n\n\n<div style=\"height:56px\" aria-hidden=\"true\" class=\"wp-block-spacer\"><\/div>\n\n\n\n<p class=\"has-text-align-center has-very-light-gray-background-color has-background has-medium-font-size\">freischaffende JournalistInnen (Video und Text)<\/p>\n\n\n\n<p>Unsere Redaktion erstellt ca. 150 Interviews pro Spielzeit und ist daf\u00fcr regelm\u00e4\u00dfig auf Reisen. Um unser Team zu vergr\u00f6\u00dfern und diverse Blickwinkel auf neue Produktionen anzubieten, suchen wir freischaffende Journalist:innen, die, mit Stift und Video, \u00fcber zeitgen\u00f6ssische Theaterkunst sprechen m\u00f6chten. <\/p>\n\n\n\n<div style=\"height:20px\" aria-hidden=\"true\" class=\"wp-block-spacer\"><\/div>\n\n\n\n<p><strong>Beschreibung:<\/strong><\/p>\n\n\n\n<ul>\n<li>Redaktion von Artikeln <\/li>\n\n\n\n<li>Erstellung von Interviews und\/oder Portr\u00e4ts in Text-und\/oder Videoformat.<\/li>\n\n\n\n<li>Betreuung eines Festivals im Rahmen einer Medienpartnerschaft<\/li>\n\n\n\n<li>Einbringung eigener Themenvorschl\u00e4ge<\/li>\n\n\n\n<li><em>Gew\u00fcnscht:<\/em> <em>ausreichende<\/em> <em>Kenntnisse im Erstellen von Videocontent<\/em><\/li>\n<\/ul>\n\n\n\n<p><em>Tarif: Informationen auf Nachfrage<\/em><\/p>\n\n\n\n<p><strong>Senden Sie uns Ihren Lebenslauf, Motivationsschreiben und Beispiele bisheriger Arbeiten an folgende Adresse: <a href=\"mailto:redaction@szenik.eu\">redaction@szenik.eu<\/a>. <\/strong><\/p>\n\n\n\n<div style=\"height:100px\" aria-hidden=\"true\" class=\"wp-block-spacer\"><\/div>\n\n\n\n<div style=\"height:100px\" aria-hidden=\"true\" class=\"wp-block-spacer\"><\/div>\n","protected":false},"excerpt":{"rendered":"<p>SPIELZEIT 2022 \/ 2023 szenik sucht:&nbsp; Ihr Herz macht beim Aufgehen des Theatervorhangs Luftspr\u00fcnge? Sie werfen gerne einen Blick hinter die Kulissen? Sie interessieren sich f\u00fcr kulturelle Veranstaltungen in Ihrer Region auf und m\u00f6chten diese unterst\u00fctzen?&nbsp;In diesem Fall: Gesellen Sie sich zu unserem Team! Mit \u00fcber 200.000 Leser:innen pro Jahr, einer zweisprachigen Kulturplattform (deutsch &amp; [&hellip;]<\/p>\n","protected":false},"author":1,"featured_media":54370,"parent":0,"menu_order":0,"comment_status":"closed","ping_status":"closed","template":"","meta":{"_monsterinsights_skip_tracking":false,"_monsterinsights_sitenote_active":false,"_monsterinsights_sitenote_note":"","_monsterinsights_sitenote_category":0},"yoast_head":"<!-- This site is optimized with the Yoast SEO plugin v20.5 - https:\/\/yoast.com\/wordpress\/plugins\/seo\/ -->\n<title>Stellenangebote | szenik<\/title>\n<meta name=\"robots\" content=\"index, follow, max-snippet:-1, max-image-preview:large, max-video-preview:-1\" \/>\n<link rel=\"canonical\" href=\"https:\/\/www.szenik.eu\/de\/stellenangebote\" \/>\n<meta property=\"og:locale\" content=\"de_DE\" \/>\n<meta property=\"og:type\" content=\"article\" \/>\n<meta property=\"og:title\" content=\"Stellenangebote | szenik\" \/>\n<meta property=\"og:description\" content=\"SPIELZEIT 2022 \/ 2023 szenik sucht:&nbsp; Ihr Herz macht beim Aufgehen des Theatervorhangs Luftspr\u00fcnge? Sie werfen gerne einen Blick hinter die Kulissen? Sie interessieren sich f\u00fcr kulturelle Veranstaltungen in Ihrer Region auf und m\u00f6chten diese unterst\u00fctzen?&nbsp;In diesem Fall: Gesellen Sie sich zu unserem Team! Mit \u00fcber 200.000 Leser:innen pro Jahr, einer zweisprachigen Kulturplattform (deutsch &amp; [&hellip;]\" \/>\n<meta property=\"og:url\" content=\"https:\/\/www.szenik.eu\/de\/stellenangebote\" \/>\n<meta property=\"og:site_name\" content=\"szenik\" \/>\n<meta property=\"article:publisher\" content=\"https:\/\/www.facebook.com\/szenik.eu\/\" \/>\n<meta property=\"article:modified_time\" content=\"2023-03-09T11:14:21+00:00\" \/>\n<meta property=\"og:image\" content=\"https:\/\/www.szenik.eu\/wp-content\/uploads\/2022\/08\/Stellenangebot.jpg\" \/>\n\t<meta property=\"og:image:width\" content=\"1110\" \/>\n\t<meta property=\"og:image:height\" content=\"423\" \/>\n\t<meta property=\"og:image:type\" content=\"image\/jpeg\" \/>\n<meta name=\"twitter:card\" content=\"summary_large_image\" \/>\n<meta name=\"twitter:site\" content=\"@Szenik\" \/>\n<meta name=\"twitter:label1\" content=\"Gesch\u00e4tzte Lesezeit\" \/>\n\t<meta name=\"twitter:data1\" content=\"2\u00a0Minuten\" \/>\n<script type=\"application\/ld+json\" class=\"yoast-schema-graph\">{\"@context\":\"https:\/\/schema.org\",\"@graph\":[{\"@type\":\"WebPage\",\"@id\":\"https:\/\/www.szenik.eu\/de\/stellenangebote\",\"url\":\"https:\/\/www.szenik.eu\/de\/stellenangebote\",\"name\":\"Stellenangebote | szenik\",\"isPartOf\":{\"@id\":\"https:\/\/www.szenik.eu\/de\/#website\"},\"datePublished\":\"2018-11-04T15:53:48+00:00\",\"dateModified\":\"2023-03-09T11:14:21+00:00\",\"breadcrumb\":{\"@id\":\"https:\/\/www.szenik.eu\/de\/stellenangebote#breadcrumb\"},\"inLanguage\":\"de\",\"potentialAction\":[{\"@type\":\"ReadAction\",\"target\":[\"https:\/\/www.szenik.eu\/de\/stellenangebote\"]}]},{\"@type\":\"BreadcrumbList\",\"@id\":\"https:\/\/www.szenik.eu\/de\/stellenangebote#breadcrumb\",\"itemListElement\":[{\"@type\":\"ListItem\",\"position\":1,\"name\":\"Home\",\"item\":\"https:\/\/www.szenik.eu\/de\"},{\"@type\":\"ListItem\",\"position\":2,\"name\":\"Stellenangebote\"}]},{\"@type\":\"WebSite\",\"@id\":\"https:\/\/www.szenik.eu\/de\/#website\",\"url\":\"https:\/\/www.szenik.eu\/de\/\",\"name\":\"szenik\",\"description\":\"Le Meilleur des sc\u00e8nes au coeur de l&#039;Europe\",\"publisher\":{\"@id\":\"https:\/\/www.szenik.eu\/de\/#organization\"},\"potentialAction\":[{\"@type\":\"SearchAction\",\"target\":{\"@type\":\"EntryPoint\",\"urlTemplate\":\"https:\/\/www.szenik.eu\/de\/?s={search_term_string}\"},\"query-input\":\"required name=search_term_string\"}],\"inLanguage\":\"de\"},{\"@type\":\"Organization\",\"@id\":\"https:\/\/www.szenik.eu\/de\/#organization\",\"name\":\"Szenik\",\"url\":\"https:\/\/www.szenik.eu\/de\/\",\"logo\":{\"@type\":\"ImageObject\",\"inLanguage\":\"de\",\"@id\":\"https:\/\/www.szenik.eu\/de\/#\/schema\/logo\/image\/\",\"url\":\"https:\/\/www.szenik.eu\/wp-content\/uploads\/2019\/07\/logo-square.png\",\"contentUrl\":\"https:\/\/www.szenik.eu\/wp-content\/uploads\/2019\/07\/logo-square.png\",\"width\":512,\"height\":512,\"caption\":\"Szenik\"},\"image\":{\"@id\":\"https:\/\/www.szenik.eu\/de\/#\/schema\/logo\/image\/\"},\"sameAs\":[\"https:\/\/www.facebook.com\/szenik.eu\/\",\"https:\/\/twitter.com\/Szenik\",\"https:\/\/www.instagram.com\/szenik_magazine\/\",\"https:\/\/www.youtube.com\/user\/SzenikEU\/\"]}]}<\/script>\n<!-- \/ Yoast SEO plugin. -->","yoast_head_json":{"title":"Stellenangebote | szenik","robots":{"index":"index","follow":"follow","max-snippet":"max-snippet:-1","max-image-preview":"max-image-preview:large","max-video-preview":"max-video-preview:-1"},"canonical":"https:\/\/www.szenik.eu\/de\/stellenangebote","og_locale":"de_DE","og_type":"article","og_title":"Stellenangebote | szenik","og_description":"SPIELZEIT 2022 \/ 2023 szenik sucht:&nbsp; Ihr Herz macht beim Aufgehen des Theatervorhangs Luftspr\u00fcnge? Sie werfen gerne einen Blick hinter die Kulissen? Sie interessieren sich f\u00fcr kulturelle Veranstaltungen in Ihrer Region auf und m\u00f6chten diese unterst\u00fctzen?&nbsp;In diesem Fall: Gesellen Sie sich zu unserem Team! Mit \u00fcber 200.000 Leser:innen pro Jahr, einer zweisprachigen Kulturplattform (deutsch &amp; [&hellip;]","og_url":"https:\/\/www.szenik.eu\/de\/stellenangebote","og_site_name":"szenik","article_publisher":"https:\/\/www.facebook.com\/szenik.eu\/","article_modified_time":"2023-03-09T11:14:21+00:00","og_image":[{"width":1110,"height":423,"url":"https:\/\/www.szenik.eu\/wp-content\/uploads\/2022\/08\/Stellenangebot.jpg","type":"image\/jpeg"}],"twitter_card":"summary_large_image","twitter_site":"@Szenik","twitter_misc":{"Gesch\u00e4tzte Lesezeit":"2\u00a0Minuten"},"schema":{"@context":"https:\/\/schema.org","@graph":[{"@type":"WebPage","@id":"https:\/\/www.szenik.eu\/de\/stellenangebote","url":"https:\/\/www.szenik.eu\/de\/stellenangebote","name":"Stellenangebote | szenik","isPartOf":{"@id":"https:\/\/www.szenik.eu\/de\/#website"},"datePublished":"2018-11-04T15:53:48+00:00","dateModified":"2023-03-09T11:14:21+00:00","breadcrumb":{"@id":"https:\/\/www.szenik.eu\/de\/stellenangebote#breadcrumb"},"inLanguage":"de","potentialAction":[{"@type":"ReadAction","target":["https:\/\/www.szenik.eu\/de\/stellenangebote"]}]},{"@type":"BreadcrumbList","@id":"https:\/\/www.szenik.eu\/de\/stellenangebote#breadcrumb","itemListElement":[{"@type":"ListItem","position":1,"name":"Home","item":"https:\/\/www.szenik.eu\/de"},{"@type":"ListItem","position":2,"name":"Stellenangebote"}]},{"@type":"WebSite","@id":"https:\/\/www.szenik.eu\/de\/#website","url":"https:\/\/www.szenik.eu\/de\/","name":"szenik","description":"Le Meilleur des sc\u00e8nes au coeur de l&#039;Europe","publisher":{"@id":"https:\/\/www.szenik.eu\/de\/#organization"},"potentialAction":[{"@type":"SearchAction","target":{"@type":"EntryPoint","urlTemplate":"https:\/\/www.szenik.eu\/de\/?s={search_term_string}"},"query-input":"required name=search_term_string"}],"inLanguage":"de"},{"@type":"Organization","@id":"https:\/\/www.szenik.eu\/de\/#organization","name":"Szenik","url":"https:\/\/www.szenik.eu\/de\/","logo":{"@type":"ImageObject","inLanguage":"de","@id":"https:\/\/www.szenik.eu\/de\/#\/schema\/logo\/image\/","url":"https:\/\/www.szenik.eu\/wp-content\/uploads\/2019\/07\/logo-square.png","contentUrl":"https:\/\/www.szenik.eu\/wp-content\/uploads\/2019\/07\/logo-square.png","width":512,"height":512,"caption":"Szenik"},"image":{"@id":"https:\/\/www.szenik.eu\/de\/#\/schema\/logo\/image\/"},"sameAs":["https:\/\/www.facebook.com\/szenik.eu\/","https:\/\/twitter.com\/Szenik","https:\/\/www.instagram.com\/szenik_magazine\/","https:\/\/www.youtube.com\/user\/SzenikEU\/"]}]}},"_links":{"self":[{"href":"https:\/\/www.szenik.eu\/de\/wp-json\/\/wp\/v2\/pages\/162"}],"collection":[{"href":"https:\/\/www.szenik.eu\/de\/wp-json\/\/wp\/v2\/pages"}],"about":[{"href":"https:\/\/www.szenik.eu\/de\/wp-json\/\/wp\/v2\/types\/page"}],"author":[{"embeddable":true,"href":"https:\/\/www.szenik.eu\/de\/wp-json\/\/wp\/v2\/users\/1"}],"replies":[{"embeddable":true,"href":"https:\/\/www.szenik.eu\/de\/wp-json\/\/wp\/v2\/comments?post=162"}],"version-history":[{"count":14,"href":"https:\/\/www.szenik.eu\/de\/wp-json\/\/wp\/v2\/pages\/162\/revisions"}],"predecessor-version":[{"id":57275,"href":"https:\/\/www.szenik.eu\/de\/wp-json\/\/wp\/v2\/pages\/162\/revisions\/57275"}],"wp:featuredmedia":[{"embeddable":true,"href":"https:\/\/www.szenik.eu\/de\/wp-json\/\/wp\/v2\/media\/54370"}],"wp:attachment":[{"href":"https:\/\/www.szenik.eu\/de\/wp-json\/\/wp\/v2\/media?parent=162"}],"curies":[{"name":"wp","href":"https:\/\/api.w.org\/{rel}","templated":true}]}}